{"id":427,"date":"2024-12-16T11:45:36","date_gmt":"2024-12-16T10:45:36","guid":{"rendered":"https:\/\/www.llibreriabiscle.cat\/?page_id=427"},"modified":"2024-12-16T11:49:26","modified_gmt":"2024-12-16T10:49:26","slug":"aviso-legal","status":"publish","type":"page","link":"https:\/\/www.llibreriabiscle.cat\/ca\/aviso-legal\/","title":{"rendered":"Av\u00eds legal"},"content":{"rendered":"\t\t<div data-elementor-type=\"wp-page\" data-elementor-id=\"427\" class=\"elementor elementor-427\" data-elementor-post-type=\"page\">\n\t\t\t\t\t\t<section class=\"elementor-section elementor-top-section elementor-element elementor-element-f0948dc elementor-section-full_width elementor-section-height-default elementor-section-height-default elementor-invisible\" data-id=\"f0948dc\" data-element_type=\"section\" data-e-type=\"section\" data-settings=\"{&quot;animation&quot;:&quot;fadeInUp&quot;}\">\n\t\t\t\t\t\t<div class=\"elementor-container elementor-column-gap-default\">\n\t\t\t\t\t<div class=\"elementor-column elementor-col-100 elementor-top-column elementor-element elementor-element-473bb3a\" data-id=\"473bb3a\" data-element_type=\"column\" data-e-type=\"column\">\n\t\t\t<div class=\"elementor-widget-wrap elementor-element-populated\">\n\t\t\t\t\t\t<div class=\"elementor-element elementor-element-9211fe2 elementor-widget elementor-widget-heading\" data-id=\"9211fe2\" data-element_type=\"widget\" data-e-type=\"widget\" data-widget_type=\"heading.default\">\n\t\t\t\t<div class=\"elementor-widget-container\">\n\t\t\t\t\t<h2 class=\"elementor-heading-title elementor-size-default\">Aviso legal<\/h2>\t\t\t\t<\/div>\n\t\t\t\t<\/div>\n\t\t\t\t<div class=\"elementor-element elementor-element-014941a elementor-widget elementor-widget-text-editor\" data-id=\"014941a\" data-element_type=\"widget\" data-e-type=\"widget\" data-widget_type=\"text-editor.default\">\n\t\t\t\t<div class=\"elementor-widget-container\">\n\t\t\t\t\t\t\t\t\t<div class=\"flex max-w-full flex-col flex-grow\"><div class=\"min-h-8 text-message flex w-full flex-col items-end gap-2 whitespace-normal break-words text-start [.text-message+&amp;]:mt-5\" dir=\"auto\" data-message-author-role=\"assistant\" data-message-id=\"c524057b-e84b-4bfb-8a72-e46fd7b227c7\" data-message-model-slug=\"gpt-4o-mini\"><div class=\"flex w-full flex-col gap-1 empty:hidden first:pt-[3px]\"><div class=\"markdown prose w-full break-words dark:prose-invert dark\"><p>En cumplimiento del art\u00edculo 10 de la Ley 34\/2002, de 11 de julio, de Servicios de la Sociedad de la Informaci\u00f3n y Comercio Electr\u00f3nico (LSSICE), a continuaci\u00f3n se detallan los datos identificativos de la entidad:<\/p><p><strong>LIBRER\u00cdA BISCLE<\/strong><br \/>Raz\u00f3n social: MARIA LLU\u00cdSA CLE FELIU<br \/>NIF: 40313036Q<br \/>Direcci\u00f3n: Calle Sant Feliu, 6 &#8211; 17460 &#8211; CELR\u00c0 &#8211; GIRONA<br \/>Tel\u00e9fono: 972492390<br \/>Correo electr\u00f3nico: <a rel=\"noopener\">llibreriabiscle@yahoo.es<\/a><br \/>Registro Mercantil de _______________; Tomo: _____; Libro: ____; Folio: __<em>; Hoja: ________; Fecha:<\/em>.<\/p><p><strong>FINALIDAD DEL SITIO WEB<\/strong><\/p><p>MARIA LLU\u00cfSA CLE FELIU pone a disposici\u00f3n de cualquier usuario el presente sitio web, donde encontrar\u00e1 un conjunto de servicios que ofrecemos y, adem\u00e1s, un formulario de contacto para que pueda comunicarse directamente con nosotros para cualquier cuesti\u00f3n.<\/p><p>El presente aviso legal (en adelante, \u00abAviso Legal\u00bb) regula el uso del sitio web: <a href=\"http:\/\/www.llibreriabiscle.cat\" target=\"_new\" rel=\"noopener\">www.llibreriabiscle.cat<\/a><\/p><p><strong>LEGISLACI\u00d3N<\/strong><\/p><p>Con car\u00e1cter general, las relaciones entre la entidad y los Usuarios de sus servicios telem\u00e1ticos, presentes en este sitio web, se encuentran sometidas a la legislaci\u00f3n y jurisdicci\u00f3n espa\u00f1olas.<\/p><p><strong>USO Y ACCESO DE USUARIOS<\/strong><\/p><p>El Usuario queda informado y acepta que el acceso al presente sitio web no supone, de ninguna manera, el inicio de una relaci\u00f3n comercial con MARIA LLU\u00cfSA CLE FELIU LIBRER\u00cdA BISCLE o cualquiera de sus delegaciones.<\/p><p><strong>PROPIEDAD INTELECTUAL E INDUSTRIAL<\/strong><\/p><p>Los derechos de propiedad intelectual del contenido de las p\u00e1ginas web, su dise\u00f1o gr\u00e1fico y c\u00f3digos son titularidad de MARIA LLU\u00cfSA CLE FELIU LIBRER\u00cdA BISCLE y, por tanto, queda prohibida su reproducci\u00f3n, distribuci\u00f3n, comunicaci\u00f3n p\u00fablica, transformaci\u00f3n o cualquier otra actividad que se pueda realizar con los contenidos de sus p\u00e1ginas web, ni citando las fuentes, excepto con el consentimiento por escrito de MARIA LLU\u00cfSA CLE FELIU, LIBRER\u00cdA BISCLE.<\/p><p><strong>CONTENIDO DE LA WEB Y ENLACES (LINKS)<\/strong><\/p><p>MARIA LLU\u00cfSA CLE FELIU LIBRER\u00cdA BISCLE se reserva el derecho a actualizar, modificar o eliminar la informaci\u00f3n contenida en sus p\u00e1ginas web, pudiendo incluso limitar o no permitir el acceso a esta informaci\u00f3n a ciertos usuarios.<\/p><p>MARIA LLU\u00cfSA CLE FELIU LIBRER\u00cdA BISCLE no asume ninguna responsabilidad por la informaci\u00f3n contenida en p\u00e1ginas web de terceros a las que se pueda acceder mediante \u00ablinks\u00bb o enlaces desde cualquier p\u00e1gina web propiedad de MARIA LLU\u00cfSA CLE FELIU LIBRER\u00cdA BISCLE. La presencia de \u00ablinks\u00bb o enlaces en las p\u00e1ginas web de MARIA LLU\u00cfSA CLE FELIU LIBRER\u00cdA BISCLE tiene una finalidad meramente informativa y en ning\u00fan caso supone sugerencia, invitaci\u00f3n o recomendaci\u00f3n sobre los mismos.<\/p><\/div><\/div><\/div><\/div>\t\t\t\t\t\t\t\t<\/div>\n\t\t\t\t<\/div>\n\t\t\t\t\t<\/div>\n\t\t<\/div>\n\t\t\t\t\t<\/div>\n\t\t<\/section>\n\t\t\t\t<\/div>\n\t\t","protected":false},"excerpt":{"rendered":"<p>Aviso legal En cumplimiento del art\u00edculo 10 de la Ley 34\/2002, de 11 de julio, de Servicios de la Sociedad de la Informaci\u00f3n y Comercio Electr\u00f3nico (LSSICE), a continuaci\u00f3n se detallan los datos identificativos de la entidad: LIBRER\u00cdA BISCLERaz\u00f3n social: MARIA LLU\u00cdSA CLE FELIUNIF: 40313036QDirecci\u00f3n: Calle Sant Feliu, 6 &#8211; 17460 &#8211; CELR\u00c0 &#8211; GIRONATel\u00e9fono: [&hellip;]<\/p>\n","protected":false},"author":1,"featured_media":0,"parent":0,"menu_order":0,"comment_status":"closed","ping_status":"closed","template":"","meta":{"footnotes":""},"class_list":["post-427","page","type-page","status-publish","hentry"],"_links":{"self":[{"href":"https:\/\/www.llibreriabiscle.cat\/ca\/wp-json\/wp\/v2\/pages\/427","targetHints":{"allow":["GET"]}}],"collection":[{"href":"https:\/\/www.llibreriabiscle.cat\/ca\/wp-json\/wp\/v2\/pages"}],"about":[{"href":"https:\/\/www.llibreriabiscle.cat\/ca\/wp-json\/wp\/v2\/types\/page"}],"author":[{"embeddable":true,"href":"https:\/\/www.llibreriabiscle.cat\/ca\/wp-json\/wp\/v2\/users\/1"}],"replies":[{"embeddable":true,"href":"https:\/\/www.llibreriabiscle.cat\/ca\/wp-json\/wp\/v2\/comments?post=427"}],"version-history":[{"count":4,"href":"https:\/\/www.llibreriabiscle.cat\/ca\/wp-json\/wp\/v2\/pages\/427\/revisions"}],"predecessor-version":[{"id":434,"href":"https:\/\/www.llibreriabiscle.cat\/ca\/wp-json\/wp\/v2\/pages\/427\/revisions\/434"}],"wp:attachment":[{"href":"https:\/\/www.llibreriabiscle.cat\/ca\/wp-json\/wp\/v2\/media?parent=427"}],"curies":[{"name":"wp","href":"https:\/\/api.w.org\/{rel}","templated":true}]}}