{"id":3,"date":"2023-07-10T10:09:35","date_gmt":"2023-07-10T08:09:35","guid":{"rendered":"http:\/\/llibreriabiscle.cat\/?page_id=3"},"modified":"2024-12-16T11:53:42","modified_gmt":"2024-12-16T10:53:42","slug":"politica-de-privacidad","status":"publish","type":"page","link":"https:\/\/www.llibreriabiscle.cat\/ca\/politica-de-privacidad\/","title":{"rendered":"Pol\u00edtica de privacitat"},"content":{"rendered":"\t\t<div data-elementor-type=\"wp-page\" data-elementor-id=\"3\" class=\"elementor elementor-3\" data-elementor-post-type=\"page\">\n\t\t\t\t\t\t<section class=\"elementor-section elementor-top-section elementor-element elementor-element-70cd5de elementor-section-full_width elementor-section-height-default elementor-section-height-default elementor-invisible\" data-id=\"70cd5de\" data-element_type=\"section\" data-e-type=\"section\" data-settings=\"{&quot;animation&quot;:&quot;fadeInUp&quot;}\">\n\t\t\t\t\t\t<div class=\"elementor-container elementor-column-gap-default\">\n\t\t\t\t\t<div class=\"elementor-column elementor-col-100 elementor-top-column elementor-element elementor-element-b418495\" data-id=\"b418495\" data-element_type=\"column\" data-e-type=\"column\">\n\t\t\t<div class=\"elementor-widget-wrap elementor-element-populated\">\n\t\t\t\t\t\t<div class=\"elementor-element elementor-element-3caebdf elementor-widget elementor-widget-heading\" data-id=\"3caebdf\" data-element_type=\"widget\" data-e-type=\"widget\" data-widget_type=\"heading.default\">\n\t\t\t\t<div class=\"elementor-widget-container\">\n\t\t\t\t\t<h2 class=\"elementor-heading-title elementor-size-default\">Pol\u00edtica de privacidad<\/h2>\t\t\t\t<\/div>\n\t\t\t\t<\/div>\n\t\t\t\t<div class=\"elementor-element elementor-element-21f0315 elementor-widget elementor-widget-text-editor\" data-id=\"21f0315\" data-element_type=\"widget\" data-e-type=\"widget\" data-widget_type=\"text-editor.default\">\n\t\t\t\t<div class=\"elementor-widget-container\">\n\t\t\t\t\t\t\t\t\t<div class=\"flex max-w-full flex-col flex-grow\"><div class=\"min-h-8 text-message flex w-full flex-col items-end gap-2 whitespace-normal break-words text-start [.text-message+&amp;]:mt-5\" dir=\"auto\" data-message-author-role=\"assistant\" data-message-id=\"c524057b-e84b-4bfb-8a72-e46fd7b227c7\" data-message-model-slug=\"gpt-4o-mini\"><div class=\"flex w-full flex-col gap-1 empty:hidden first:pt-[3px]\"><div class=\"markdown prose w-full break-words dark:prose-invert dark\"><p>A trav\u00e9s de este sitio web no se recogen datos de car\u00e1cter personal de los usuarios sin su conocimiento, ni se ceden a terceros.<br \/>Para conocer nuestra pol\u00edtica de cookies, utilizadas para recopilar informaci\u00f3n de los usuarios, le agradecemos leer el apartado Pol\u00edtica de cookies de nuestra p\u00e1gina web.<\/p><p><strong>Informaci\u00f3n b\u00e1sica sobre protecci\u00f3n de datos<\/strong><br \/>A continuaci\u00f3n le informamos sobre la pol\u00edtica de protecci\u00f3n de datos de MARIA LLU\u00cfSA CLE FELIU.<\/p><p><strong>\u00bfQui\u00e9n es el responsable del tratamiento?<\/strong><br \/>Los datos de car\u00e1cter personal que se puedan solicitar directamente al interesado ser\u00e1n tratados de forma confidencial y quedar\u00e1n incorporados a la correspondiente actividad de tratamiento titularidad de MARIA LLU\u00cfSA CLE FELIU.<\/p><p><strong>\u00bfC\u00f3mo obtenemos sus datos personales?<\/strong><br \/>Recogemos sus datos personales en diferentes ocasiones:<\/p><ul><li>Cada vez que contacta directamente con nosotros, por ejemplo, a trav\u00e9s del apartado contacto o cualquier otro apartado en el que complete un formulario en el sitio web, o a trav\u00e9s de las l\u00edneas de atenci\u00f3n telef\u00f3nica a clientes, para solicitar informaci\u00f3n sobre nuestros productos y servicios.<\/li><li>Cuando usted compra o contrata directamente con nosotros un producto o servicio.<\/li><li>Cuando usted participa en nuestras campa\u00f1as de marketing directo, por ejemplo, aceptando el env\u00edo de nuestro bolet\u00edn informativo o participando en alguna promoci\u00f3n a trav\u00e9s de nuestras webs que requiera que complete un formulario en l\u00ednea con sus datos personales.<\/li><\/ul><p><br \/>Los productos y servicios de MARIA LLU\u00cfSA CLE FELIU, as\u00ed como sus campa\u00f1as promocionales, est\u00e1n dirigidos y pensados mayoritariamente para adultos. En este sentido, solo recogeremos y trataremos sus datos personales si usted tiene, al menos, 16 a\u00f1os. MARIA LLU\u00cfSA CLE FELIU se reserva la posibilidad de realizar verificaciones de la edad de las personas que le facilitan datos personales. Cualquier dato de un menor de 16 a\u00f1os ser\u00e1 eliminado.<\/p><p>Le agradecer\u00edamos que nos ayudara a mantener actualizados sus datos personales inform\u00e1ndonos de cualquier cambio en sus datos de contacto o sus preferencias.<\/p><p><strong>\u00bfQu\u00e9 informaci\u00f3n podemos obtener sobre usted?<\/strong><br \/>A trav\u00e9s de los diferentes servicios y canales de contacto descritos en esta Pol\u00edtica de Privacidad, se pueden solicitar los siguientes tipos de datos sobre usted, dependiendo de su relaci\u00f3n con el Responsable del Tratamiento:<\/p><ul><li><strong>Clientes y usuarios<\/strong>: Datos identificativos y de contacto: nombre, direcci\u00f3n, n\u00fameros de tel\u00e9fono, correo electr\u00f3nico. Datos econ\u00f3micos: n\u00famero de cuenta bancaria \/ n\u00famero de tarjeta de cr\u00e9dito.<\/li><li><strong>Solicitantes<\/strong>: Datos identificativos y de contacto: nombre, direcci\u00f3n, n\u00fameros de tel\u00e9fono, correo electr\u00f3nico. Datos acad\u00e9micos y profesionales: estudios cursados y titulaciones. Datos de la ocupaci\u00f3n y de la Seguridad Social. Caracter\u00edsticas personales: estado civil, fecha y lugar de nacimiento, edad, sexo, nacionalidad y porcentaje de discapacidad.<\/li><\/ul><p><strong><br \/>\u00bfCon qu\u00e9 finalidades tratamos sus datos personales?<\/strong><\/p><ul><li>Por su condici\u00f3n de usuario de la web, trataremos los datos personales que nos proporcione con la finalidad de atender la consulta que nos haya efectuado y proporcionarle informaci\u00f3n comercial de productos y servicios de la empresa.<\/li><li>Por su condici\u00f3n de suscriptor de nuestro bolet\u00edn informativo, trataremos los datos personales que nos proporcione con la finalidad de enviarle nuestras comunicaciones comerciales puntualmente.<\/li><li>Por su condici\u00f3n de cliente, trataremos sus datos para prestarle el servicio solicitado y la gesti\u00f3n administrativa y comercial de nuestra cartera de clientes.<\/li><li>Por su condici\u00f3n de solicitante, los datos proporcionados ser\u00e1n tratados \u00fanicamente para los procesos de selecci\u00f3n de personal presentes o futuros realizados por la empresa.<\/li><\/ul><p><strong><br \/>\u00bfCu\u00e1l es la legitimaci\u00f3n para el tratamiento de sus datos?<\/strong><\/p><ul><li><strong>Usuarios y miembros<\/strong>: RGPD Art\u00edculo 6.1.a) consentimiento del interesado para el tratamiento de sus datos personales para uno o varios fines espec\u00edficos.<\/li><li><strong>Clientes<\/strong>: RGPD Art\u00edculo 6.1.b) el tratamiento es necesario para la ejecuci\u00f3n de un contrato en el que el interesado es parte, o para la aplicaci\u00f3n a petici\u00f3n de este de medidas precontractuales. RGPD Art\u00edculo 6.1.a) consentimiento del interesado para el tratamiento de sus datos personales para uno o varios fines espec\u00edficos.<\/li><li><strong>Solicitantes<\/strong>: RGPD Art\u00edculo 6.1.c) el tratamiento es necesario para el cumplimiento de una obligaci\u00f3n legal aplicable al responsable del tratamiento.<\/li><\/ul><p><br \/>Para otras actividades de tratamiento que puedan no aparecer en esta pol\u00edtica de privacidad, rogamos contacte con el Responsable del Tratamiento para pedir m\u00e1s informaci\u00f3n.<\/p><p><strong>\u00bfDurante cu\u00e1nto tiempo conservaremos sus datos?<\/strong><br \/>Los datos personales proporcionados se conservar\u00e1n durante el tiempo necesario para cumplir con la finalidad para la que fueron recogidos y para determinar las posibles responsabilidades que puedan derivarse de la finalidad, adem\u00e1s de los per\u00edodos establecidos en la normativa de archivos y documentaci\u00f3n.<\/p><p><strong>\u00bfA qui\u00e9n comunicaremos sus datos?<\/strong><br \/>Con car\u00e1cter general, no se comunicar\u00e1n los datos personales a terceros, excepto obligaci\u00f3n legal, entre las cuales pueden estar las comunicaciones a organizaciones directamente relacionadas con el responsable (asesor\u00eda fiscal y contable, entidades financieras, Agencia Estatal de Administraci\u00f3n Tributaria, empresas encargadas de marketing y publicidad), fuerzas y cuerpos de seguridad del Estado, \u00f3rganos judiciales, Ministerio Fiscal.<\/p><p>Aunque en las transmisiones de datos a trav\u00e9s de internet o desde un sitio web no es posible garantizar una protecci\u00f3n absoluta contra intrusiones, nos esforzamos al m\u00e1ximo en mantener las medidas de protecci\u00f3n f\u00edsica, electr\u00f3nica y procedimental necesarias para garantizar la protecci\u00f3n de su informaci\u00f3n de acuerdo con las exigencias aplicables en materia de protecci\u00f3n de datos. Todos los datos se guardan en un lugar seguro (o copias f\u00edsicas seguras) de nuestra propiedad o de nuestros encargados del tratamiento, y para acceder a ellos y utilizarlos se aplican nuestros criterios y pol\u00edticas de seguridad (o las equivalentes de nuestros encargados de tratamiento).<\/p><p><strong>\u00bfHacemos transferencias internacionales de datos?<\/strong><br \/>MARIA LLU\u00cfSA CLE FELIU no tiene previstas las transferencias internacionales de datos.<\/p><p><strong>\u00bfC\u00f3mo mantenemos protegidos sus datos?<\/strong><br \/>Para garantizar la protecci\u00f3n y mantener la seguridad, integridad y disponibilidad de los datos, utilizamos diversas medidas de seguridad. Aunque en las transmisiones de datos a trav\u00e9s de internet o desde un sitio web no es posible garantizar una protecci\u00f3n absoluta contra intrusiones, tanto nosotros como nuestros encargados del tratamiento, dedicamos los m\u00e1ximos esfuerzos para mantener las medidas de protecci\u00f3n f\u00edsica, electr\u00f3nica y procedimental que garanticen la protecci\u00f3n de sus datos de acuerdo con las exigencias legales aplicables en esta materia. Entre las medidas que utilizamos se incluyen las siguientes:<\/p><ul><li>Limitar el acceso a sus datos \u00fanicamente a aquellas personas que deban conocerlos en atenci\u00f3n a las tareas que realicen.<\/li><li>Como regla general, transferir en formato cifrado los datos recogidos.<\/li><li>Almacenar los datos m\u00e1s sensibles (como los datos bancarios) solo en formato cifrado.<\/li><li>Instalar sistemas de protecci\u00f3n perimetral de las infraestructuras inform\u00e1ticas (cortafuegos) para impedir accesos no autorizados, como los de hackers, y<\/li><li>Monitorizar habitualmente los accesos a los sistemas inform\u00e1ticos para detectar y detener cualquier uso indebido de los datos de car\u00e1cter personal.<\/li><\/ul><p><br \/>En aquellos casos en que le hayamos facilitado (o usted haya elegido) una contrase\u00f1a que le permita acceder a determinadas partes de nuestras webs o de cualquier otro portal, aplicaci\u00f3n o servicio bajo nuestro control, usted es responsable de mantenerla en secreto y de cumplir todos los dem\u00e1s procedimientos de seguridad que le notifiquemos. No podr\u00e1 compartir su contrase\u00f1a con nadie.<\/p><p><strong>\u00bfQu\u00e9 derechos pueden ejercer los interesados?<\/strong><br \/>Cualquier persona tiene derecho a obtener confirmaci\u00f3n sobre los tratamientos de sus datos que se llevan a cabo por MARIA LLU\u00cfSA CLE FELIU. Puede ejercer sus derechos de acceso, rectificaci\u00f3n, supresi\u00f3n y portabilidad de sus datos, de limitaci\u00f3n y oposici\u00f3n a su tratamiento, as\u00ed como a no ser objeto de decisiones basadas \u00fanicamente en el tratamiento automatizado de sus datos, y a retirar el consentimiento prestado, ante MARIA LLU\u00cfSA CLE FELIU, NIF 40313036Q, Calle Sant Feliu, 6 &#8211; 17460 &#8211; CELR\u00c0 &#8211; GIRONA. O bien dirigir un correo electr\u00f3nico a <a rel=\"noopener\">llibreriabiscle@yahoo.es<\/a>, indicando en el asunto \u00abProtecci\u00f3n de datos\u00bb.<\/p><p>Adem\u00e1s, el interesado puede dirigirse a la Autoridad de Control en materia de protecci\u00f3n de datos competente para obtener informaci\u00f3n adicional o presentar una reclamaci\u00f3n.<\/p><\/div><\/div><\/div><\/div>\t\t\t\t\t\t\t\t<\/div>\n\t\t\t\t<\/div>\n\t\t\t\t\t<\/div>\n\t\t<\/div>\n\t\t\t\t\t<\/div>\n\t\t<\/section>\n\t\t\t\t<\/div>\n\t\t","protected":false},"excerpt":{"rendered":"<p>Pol\u00edtica de privacidad A trav\u00e9s de este sitio web no se recogen datos de car\u00e1cter personal de los usuarios sin su conocimiento, ni se ceden a terceros.Para conocer nuestra pol\u00edtica de cookies, utilizadas para recopilar informaci\u00f3n de los usuarios, le agradecemos leer el apartado Pol\u00edtica de cookies de nuestra p\u00e1gina web. Informaci\u00f3n b\u00e1sica sobre protecci\u00f3n [&hellip;]<\/p>\n","protected":false},"author":1,"featured_media":0,"parent":0,"menu_order":0,"comment_status":"closed","ping_status":"closed","template":"","meta":{"footnotes":""},"class_list":["post-3","page","type-page","status-publish","hentry"],"_links":{"self":[{"href":"https:\/\/www.llibreriabiscle.cat\/ca\/wp-json\/wp\/v2\/pages\/3","targetHints":{"allow":["GET"]}}],"collection":[{"href":"https:\/\/www.llibreriabiscle.cat\/ca\/wp-json\/wp\/v2\/pages"}],"about":[{"href":"https:\/\/www.llibreriabiscle.cat\/ca\/wp-json\/wp\/v2\/types\/page"}],"author":[{"embeddable":true,"href":"https:\/\/www.llibreriabiscle.cat\/ca\/wp-json\/wp\/v2\/users\/1"}],"replies":[{"embeddable":true,"href":"https:\/\/www.llibreriabiscle.cat\/ca\/wp-json\/wp\/v2\/comments?post=3"}],"version-history":[{"count":5,"href":"https:\/\/www.llibreriabiscle.cat\/ca\/wp-json\/wp\/v2\/pages\/3\/revisions"}],"predecessor-version":[{"id":437,"href":"https:\/\/www.llibreriabiscle.cat\/ca\/wp-json\/wp\/v2\/pages\/3\/revisions\/437"}],"wp:attachment":[{"href":"https:\/\/www.llibreriabiscle.cat\/ca\/wp-json\/wp\/v2\/media?parent=3"}],"curies":[{"name":"wp","href":"https:\/\/api.w.org\/{rel}","templated":true}]}}